{"id":2201,"date":"2020-02-06T09:17:58","date_gmt":"2020-02-06T09:17:58","guid":{"rendered":"https:\/\/www.peakstore.mx\/store\/?page_id=2201"},"modified":"2021-07-14T15:07:34","modified_gmt":"2021-07-14T15:07:34","slug":"contact","status":"publish","type":"page","link":"https:\/\/www.peakstore.mx\/store\/contact\/","title":{"rendered":"Contactanos"},"content":{"rendered":"<p>[vc_row][vc_column width=&#8221;1\/2&#8243;][vc_column_text]<\/p>\n<h3><strong>Mandanos un mensaje<\/strong><\/h3>\n<hr \/>\n<div role=\"form\" class=\"wpcf7\" id=\"wpcf7-f9-o1\" lang=\"en-US\" dir=\"ltr\">\n<div class=\"screen-reader-response\" role=\"alert\" aria-live=\"polite\"><\/div>\n<form action=\"\/store\/wp-json\/wp\/v2\/pages\/2201#wpcf7-f9-o1\" method=\"post\" class=\"wpcf7-form init\" novalidate=\"novalidate\">\n<div style=\"display: none;\">\n<input type=\"hidden\" name=\"_wpcf7\" value=\"9\" \/>\n<input type=\"hidden\" name=\"_wpcf7_version\" value=\"5.2.2\" \/>\n<input type=\"hidden\" name=\"_wpcf7_locale\" value=\"en_US\" \/>\n<input type=\"hidden\" name=\"_wpcf7_unit_tag\" value=\"wpcf7-f9-o1\" \/>\n<input type=\"hidden\" name=\"_wpcf7_container_post\" value=\"0\" \/>\n<input type=\"hidden\" name=\"_wpcf7_posted_data_hash\" value=\"\" \/>\n<\/div>\n<p><label> Su nombre (requerido)<br \/>\n    <span class=\"wpcf7-form-control-wrap your-name\"><input type=\"text\" name=\"your-name\" value=\"\" size=\"40\" class=\"wpcf7-form-control wpcf7-text wpcf7-validates-as-required\" aria-required=\"true\" aria-invalid=\"false\" \/><\/span> <\/label><\/p>\n<p><label> Su correo electr\u00f3nico (requerido)<br \/>\n    <span class=\"wpcf7-form-control-wrap your-email\"><input type=\"email\" name=\"your-email\" value=\"\" size=\"40\" class=\"wpcf7-form-control wpcf7-text wpcf7-email wpcf7-validates-as-required wpcf7-validates-as-email\" aria-required=\"true\" aria-invalid=\"false\" \/><\/span> <\/label><\/p>\n<p><label> Asunto<br \/>\n    <span class=\"wpcf7-form-control-wrap your-subject\"><input type=\"text\" name=\"your-subject\" value=\"\" size=\"40\" class=\"wpcf7-form-control wpcf7-text\" aria-invalid=\"false\" \/><\/span> <\/label><\/p>\n<p><label> Su mensaje<br \/>\n    <span class=\"wpcf7-form-control-wrap your-message\"><textarea name=\"your-message\" cols=\"40\" rows=\"10\" class=\"wpcf7-form-control wpcf7-textarea\" aria-invalid=\"false\"><\/textarea><\/span> <\/label><\/p>\n<p><input type=\"submit\" value=\"Enviar\" class=\"wpcf7-form-control wpcf7-submit\" \/><\/p>\n<div class=\"wpcf7-response-output\" role=\"alert\" aria-hidden=\"true\"><\/div><\/form><\/div>[\/vc_column_text][\/vc_column][vc_column width=&#8221;1\/2&#8243;][vc_column_text]<\/p>\n<div class=\"contact-info-wrap\">\n<div class=\"row\">\n<div class=\"col-md-3\"><span style=\"color: #ff8201; font-weight: bold;\">\u00a0Direcci\u00f3n:<\/span><\/div>\n<div class=\"col-md-9\">Prolongacion Paseo de la Reforma 1015, Lomas de Santa Fe, Sta F\u00e9, \u00c1lvaro Obreg\u00f3n, 01376 Ciudad de M\u00e9xico, CDMX<\/div>\n<\/div>\n<div class=\"row\">\n<div class=\"col-md-3\"><span style=\"color: #ff8201; font-weight: bold;\">Tel\u00e9fono:<\/span><\/div>\n<div class=\"col-md-9\">5573620238<\/div>\n<\/div>\n<div class=\"row\">\n<div class=\"col-md-3\"><span style=\"color: #ff8201; font-weight: bold;\">Correo electr\u00f3nico:<\/span><\/div>\n<div class=\"col-md-9\"><a href=\"mailto:soporte@peakstore.mx\" target=\"_top\" rel=\"noopener noreferrer\">soporte@peakstore.mx<\/a><\/div>\n<\/div>\n<\/div>\n<p>[\/vc_column_text][\/vc_column][\/vc_row][vc_row][vc_column][vc_gmaps link=&#8221;#E-8_JTNDaWZyYW1lJTIwc3JjJTNEJTIyaHR0cHMlM0ElMkYlMkZ3d3cuZ29vZ2xlLmNvbSUyRm1hcHMlMkZlbWJlZCUzRnBiJTNEJTIxMW0xOCUyMTFtMTIlMjExbTMlMjExZDM3NjQuMTE1ODQ1MTcyNTgzJTIxMmQtOTkuMjY5NjM2Mzg1MDk0MzclMjEzZDE5LjM2NDEzNTk4NjkyMzIzJTIxMm0zJTIxMWYwJTIxMmYwJTIxM2YwJTIxM20yJTIxMWkxMDI0JTIxMmk3NjglMjE0ZjEzLjElMjEzbTMlMjExbTIlMjExczB4ODVkMjAwYzU4NTliMTlmOSUyNTNBMHhmZTI2MDJjZTU5ZjFiNDEyJTIxMnNQcm9sb25nYWNpb24lMjUyMFBhc2VvJTI1MjBkZSUyNTIwbGElMjUyMFJlZm9ybWElMjUyMDEwMTUlMjUyQyUyNTIwTG9tYXMlMjUyMGRlJTI1MjBTYW50YSUyNTIwRmUlMjUyQyUyNTIwWmVkZWMlMjUyMFN0YSUyNTIwRiUyNUMzJTI1QTklMjUyQyUyNTIwQ3VhamltYWxwYSUyNTIwZGUlMjUyME1vcmVsb3MlMjUyQyUyNTIwMDEyMTklMjUyMENpdWRhZCUyNTIwZGUlMjUyME0lMjVDMyUyNUE5eGljbyUyNTJDJTI1MjBDRE1YJTI1MkMlMjUyME1leGljbyUyMTVlMCUyMTNtMiUyMTFzZW4lMjEyc2luJTIxNHYxNTgwOTgwNzg2NjE3JTIxNW0yJTIxMXNlbiUyMTJzaW4lMjIlMjB3aWR0aCUzRCUyMjEwMCUyNSUyMiUyMGhlaWdodCUzRCUyMjQ1MCUyMiUyMGZyYW1lYm9yZGVyJTNEJTIyMCUyMiUyMHN0eWxlJTNEJTIyYm9yZGVyJTNBMCUzQiUyMiUyMGFsbG93ZnVsbHNjcmVlbiUzRCUyMiUyMiUzRSUzQyUyRmlmcmFtZSUzRQ==&#8221;][vc_empty_space height=&#8221;20px&#8221;][\/vc_column][\/vc_row]<\/p>\n","protected":false},"excerpt":{"rendered":"[vc_row][vc_column width=\"1\/2\"][vc_column_text] Mandanos un mensaje Su nombre (requerido) Su correo electr\u00f3nico (requerido) Asunto Su mensaje [\/vc_column_text][\/vc_column][vc_column width=\"1\/2\"][vc_column_text] \u00a0Direcci\u00f3n: Prolongacion Paseo de la Reforma 1015, Lomas de Santa Fe, Sta F\u00e9, \u00c1lvaro Obreg\u00f3n, 01376 Ciudad de M\u00e9xico, CDMX Tel\u00e9fono: 5573620238 Correo electr\u00f3nico: soporte@peakstore.mx [\/vc_column_text][\/vc_column][\/vc_row][vc_row][vc_column][vc_gmaps link=\"#E-8_JTNDaWZyYW1lJTIwc3JjJTNEJTIyaHR0cHMlM0ElMkYlMkZ3d3cuZ29vZ2xlLmNvbSUyRm1hcHMlMkZlbWJlZCUzRnBiJTNEJTIxMW0xOCUyMTFtMTIlMjExbTMlMjExZDM3NjQuMTE1ODQ1MTcyNTgzJTIxMmQtOTkuMjY5NjM2Mzg1MDk0MzclMjEzZDE5LjM2NDEzNTk4NjkyMzIzJTIxMm0zJTIxMWYwJTIxMmYwJTIxM2YwJTIxM20yJTIxMWkxMDI0JTIxMmk3NjglMjE0ZjEzLjElMjEzbTMlMjExbTIlMjExczB4ODVkMjAwYzU4NTliMTlmOSUyNTNBMHhmZTI2MDJjZTU5ZjFiNDEyJTIxMnNQcm9sb25nYWNpb24lMjUyMFBhc2VvJTI1MjBkZSUyNTIwbGElMjUyMFJlZm9ybWElMjUyMDEwMTUlMjUyQyUyNTIwTG9tYXMlMjUyMGRlJTI1MjBTYW50YSUyNTIwRmUlMjUyQyUyNTIwWmVkZWMlMjUyMFN0YSUyNTIwRiUyNUMzJTI1QTklMjUyQyUyNTIwQ3VhamltYWxwYSUyNTIwZGUlMjUyME1vcmVsb3MlMjUyQyUyNTIwMDEyMTklMjUyMENpdWRhZCUyNTIwZGUlMjUyME0lMjVDMyUyNUE5eGljbyUyNTJDJTI1MjBDRE1YJTI1MkMlMjUyME1leGljbyUyMTVlMCUyMTNtMiUyMTFzZW4lMjEyc2luJTIxNHYxNTgwOTgwNzg2NjE3JTIxNW0yJTIxMXNlbiUyMTJzaW4lMjIlMjB3aWR0aCUzRCUyMjEwMCUyNSUyMiUyMGhlaWdodCUzRCUyMjQ1MCUyMiUyMGZyYW1lYm9yZGVyJTNEJTIyMCUyMiUyMHN0eWxlJTNEJTIyYm9yZGVyJTNBMCUzQiUyMiUyMGFsbG93ZnVsbHNjcmVlbiUzRCUyMiUyMiUzRSUzQyUyRmlmcmFtZSUzRQ==\"][vc_empty_space height=\"20px\"][\/vc_column][\/vc_row]","protected":false},"author":1,"featured_media":0,"parent":0,"menu_order":0,"comment_status":"closed","ping_status":"closed","template":"","meta":{"pmpro_default_level":0},"yoast_head":"<!-- This site is optimized with the Yoast SEO plugin v15.0 - https:\/\/yoast.com\/wordpress\/plugins\/seo\/ -->\n<title>Contactanos - PeakStore<\/title>\n<meta name=\"robots\" content=\"index, follow, max-snippet:-1, max-image-preview:large, max-video-preview:-1\" \/>\n<link rel=\"canonical\" href=\"https:\/\/www.peakstore.mx\/store\/contact\/\" \/>\n<meta property=\"og:locale\" content=\"es_MX\" \/>\n<meta property=\"og:type\" content=\"article\" \/>\n<meta property=\"og:title\" content=\"Contactanos - PeakStore\" \/>\n<meta property=\"og:description\" content=\"[vc_row][vc_column width=&#8221;1\/2&#8243;][vc_column_text] Mandanos un mensaje [\/vc_column_text][\/vc_column][vc_column width=&#8221;1\/2&#8243;][vc_column_text] \u00a0Direcci\u00f3n: Prolongacion Paseo de la Reforma 1015, Lomas de Santa Fe, Sta F\u00e9, \u00c1lvaro Obreg\u00f3n, 01376 Ciudad de M\u00e9xico, CDMX Tel\u00e9fono: 5573620238 Correo electr\u00f3nico: soporte@peakstore.mx [\/vc_column_text][\/vc_column][\/vc_row][vc_row][vc_column][vc_gmaps link=&#8221;#E-8_JTNDaWZyYW1lJTIwc3JjJTNEJTIyaHR0cHMlM0ElMkYlMkZ3d3cuZ29vZ2xlLmNvbSUyRm1hcHMlMkZlbWJlZCUzRnBiJTNEJTIxMW0xOCUyMTFtMTIlMjExbTMlMjExZDM3NjQuMTE1ODQ1MTcyNTgzJTIxMmQtOTkuMjY5NjM2Mzg1MDk0MzclMjEzZDE5LjM2NDEzNTk4NjkyMzIzJTIxMm0zJTIxMWYwJTIxMmYwJTIxM2YwJTIxM20yJTIxMWkxMDI0JTIxMmk3NjglMjE0ZjEzLjElMjEzbTMlMjExbTIlMjExczB4ODVkMjAwYzU4NTliMTlmOSUyNTNBMHhmZTI2MDJjZTU5ZjFiNDEyJTIxMnNQcm9sb25nYWNpb24lMjUyMFBhc2VvJTI1MjBkZSUyNTIwbGElMjUyMFJlZm9ybWElMjUyMDEwMTUlMjUyQyUyNTIwTG9tYXMlMjUyMGRlJTI1MjBTYW50YSUyNTIwRmUlMjUyQyUyNTIwWmVkZWMlMjUyMFN0YSUyNTIwRiUyNUMzJTI1QTklMjUyQyUyNTIwQ3VhamltYWxwYSUyNTIwZGUlMjUyME1vcmVsb3MlMjUyQyUyNTIwMDEyMTklMjUyMENpdWRhZCUyNTIwZGUlMjUyME0lMjVDMyUyNUE5eGljbyUyNTJDJTI1MjBDRE1YJTI1MkMlMjUyME1leGljbyUyMTVlMCUyMTNtMiUyMTFzZW4lMjEyc2luJTIxNHYxNTgwOTgwNzg2NjE3JTIxNW0yJTIxMXNlbiUyMTJzaW4lMjIlMjB3aWR0aCUzRCUyMjEwMCUyNSUyMiUyMGhlaWdodCUzRCUyMjQ1MCUyMiUyMGZyYW1lYm9yZGVyJTNEJTIyMCUyMiUyMHN0eWxlJTNEJTIyYm9yZGVyJTNBMCUzQiUyMiUyMGFsbG93ZnVsbHNjcmVlbiUzRCUyMiUyMiUzRSUzQyUyRmlmcmFtZSUzRQ==&#8221;][vc_empty_space height=&#8221;20px&#8221;][\/vc_column][\/vc_row]\" \/>\n<meta property=\"og:url\" content=\"https:\/\/www.peakstore.mx\/store\/contact\/\" \/>\n<meta property=\"og:site_name\" content=\"PeakStore\" \/>\n<meta property=\"article:modified_time\" content=\"2021-07-14T15:07:34+00:00\" \/>\n<meta name=\"twitter:card\" content=\"summary_large_image\" \/>\n<script type=\"application\/ld+json\" class=\"yoast-schema-graph\">{\"@context\":\"https:\/\/schema.org\",\"@graph\":[{\"@type\":\"WebSite\",\"@id\":\"https:\/\/www.peakstore.mx\/store\/#website\",\"url\":\"https:\/\/www.peakstore.mx\/store\/\",\"name\":\"PeakStore\",\"description\":\"Market Place para M\\u00e9xico\",\"potentialAction\":[{\"@type\":\"SearchAction\",\"target\":\"https:\/\/www.peakstore.mx\/store\/?s={search_term_string}\",\"query-input\":\"required name=search_term_string\"}],\"inLanguage\":\"es-MX\"},{\"@type\":\"WebPage\",\"@id\":\"https:\/\/www.peakstore.mx\/store\/contact\/#webpage\",\"url\":\"https:\/\/www.peakstore.mx\/store\/contact\/\",\"name\":\"Contactanos - PeakStore\",\"isPartOf\":{\"@id\":\"https:\/\/www.peakstore.mx\/store\/#website\"},\"datePublished\":\"2020-02-06T09:17:58+00:00\",\"dateModified\":\"2021-07-14T15:07:34+00:00\",\"inLanguage\":\"es-MX\",\"potentialAction\":[{\"@type\":\"ReadAction\",\"target\":[\"https:\/\/www.peakstore.mx\/store\/contact\/\"]}]}]}<\/script>\n<!-- \/ Yoast SEO plugin. -->","_links":{"self":[{"href":"https:\/\/www.peakstore.mx\/store\/wp-json\/wp\/v2\/pages\/2201"}],"collection":[{"href":"https:\/\/www.peakstore.mx\/store\/wp-json\/wp\/v2\/pages"}],"about":[{"href":"https:\/\/www.peakstore.mx\/store\/wp-json\/wp\/v2\/types\/page"}],"author":[{"embeddable":true,"href":"https:\/\/www.peakstore.mx\/store\/wp-json\/wp\/v2\/users\/1"}],"replies":[{"embeddable":true,"href":"https:\/\/www.peakstore.mx\/store\/wp-json\/wp\/v2\/comments?post=2201"}],"version-history":[{"count":3,"href":"https:\/\/www.peakstore.mx\/store\/wp-json\/wp\/v2\/pages\/2201\/revisions"}],"predecessor-version":[{"id":5970,"href":"https:\/\/www.peakstore.mx\/store\/wp-json\/wp\/v2\/pages\/2201\/revisions\/5970"}],"wp:attachment":[{"href":"https:\/\/www.peakstore.mx\/store\/wp-json\/wp\/v2\/media?parent=2201"}],"curies":[{"name":"wp","href":"https:\/\/api.w.org\/{rel}","templated":true}]}}